{"id":741,"date":"2023-11-02T13:37:27","date_gmt":"2023-11-02T17:37:27","guid":{"rendered":"https:\/\/www.garageredrex.ca\/politique-de-confidentialite\/"},"modified":"2023-11-02T15:57:00","modified_gmt":"2023-11-02T19:57:00","slug":"privacy-policy","status":"publish","type":"page","link":"https:\/\/www.garageredrex.ca\/en\/privacy-policy\/","title":{"rendered":"Privacy policy"},"content":{"rendered":"<h2>Preamble<\/h2>\n<p>Garage Redrex is subject to the Act respecting the protection of personal information in the private sector.<\/p>\n<p>Garage Redrex recognizes the importance of respecting privacy and commits to limiting the collection of information to what is necessary. This policy aims to inform you of the guidelines established to protect the personal information you entrust to Garage Redrex, through the Web or any other means, all in accordance with the law.<\/p>\n<h2>1. General Principles<\/h2>\n<p>In the course of its activities, and with your consent, Garage Redrex may collect personal information to use for the purposes described in section 6.<\/p>\n<p>The aim of this policy is to clearly explain how Garage Redrex collects and processes your personal information.<\/p>\n<p>This policy, as well as practices concerning the management of personal information, applies to the entire organization, including all employees and volunteers of Garage Redrex.<\/p>\n<h2>2. Definition<\/h2>\n<p>Personal information is information concerning an individual which allows them to be identified, either directly or indirectly. Regardless of its medium or its accessibility form (written, graphic, audible, visual, computerized), all personal data is covered by this policy. However, this does not include professional contact information and data that has been anonymized for legitimate and serious purposes.<\/p>\n<h2>3. Consent<\/h2>\n<p>Your consent to the communication or use of your personal information must be given explicitly. It will be valid for the purposes stated in this policy as well as for the specific purposes mentioned at the time of consent, if applicable. Consent will be valid for the duration required to achieve the objectives specified in the consent or the purposes specified in section 6 of this policy. Your consent can be withdrawn at any time, as indicated in section 8.3. of this policy.<\/p>\n<h2>Personal information that Garage Redrex may collect about you<\/h2>\n<p>Garage Redrex may collect, hold, use, transfer, and communicate different types of personal information about you, which are grouped as follows:<\/p>\n<ul>\n<li>Identity Data: first name, last name, title, username or similar identifier, date of birth, gender, marital status, and details on a valid identification document, including a driver&#8217;s license;<\/li>\n<li>Contact Data: postal and\/or delivery address, billing address, email address, and phone number;<\/li>\n<li>Payment Data: credit or debit card details and checks;<\/li>\n<li>Service-related Data: details about the services you have obtained from Garage Redrex;<\/li>\n<li>Technical Data: Internet Protocol (IP) address, connection data, browser type and version, time zone setting and location, browser plug-in types and versions, operating system and platform, and other technologies on the devices you use to access our websites;<\/li>\n<li>Usage Data: information on how you use our website and services;<\/li>\n<li>Marketing and Communication Data: preferences in receiving communication from us and our third parties, and communication preferences. This helps us manage our relationship with you and ensures that you only receive communications that are relevant and tailored to your preferences;<\/li>\n<\/ul>\n<h2>How Garage Redrex collects your personal information<\/h2>\n<p>Garage Redrex collects various personal information in several ways.<\/p>\n<h3>5.1. Information you provide to us<\/h3>\n<p>The collection of personal information mainly takes place when you use the services of Garage Redrex and when you voluntarily communicate the personal information of your patients (who must have given you permission to do so).<\/p>\n<h3>5.2. Automated technologies or interactions<\/h3>\n<p>When you interact with Garage Redrex&#8217;s website, technical data about your equipment, actions, and browsing patterns may, with your consent, be collected using cookies and other similar technologies.<\/p>\n<p>The use of cookies is a common practice. They are files that contain certain data about the person visiting a website. Cookies are stored on the user&#8217;s computer or on the hard drive of another device; they allow Garage Redrex to tailor your experience each time you visit our websites. If cookies remain disabled, some functions of our websites will not be accessible.<\/p>\n<h3>5.3. Information from third parties<\/h3>\n<p>Garage Redrex occasionally receives information about you from third parties, as indicated below:<\/p>\n<ul>\n<li>Analytics providers such as Google Analytics;<\/li>\n<li>Advertising networks such as Facebook, Instagram, YouTube, and LinkedIn;<\/li>\n<li>Search information providers such as Google;<\/li>\n<li>Publicly available information concerning you.<\/li>\n<\/ul>\n<h2>Purposes of collecting personal information<\/h2>\n<p>The personal information you provide to Garage Redrex will be used exclusively for the following purposes:<\/p>\n<ul>\n<li>To allow the analysis of your patient&#8217;s dental record, with the aim of proposing an appointment to them or to share our expertise concerning them.<\/li>\n<\/ul>\n<h2>Use, storage, and disclosure of your personal information<\/h2>\n<h3>7.1. Use of your personal information<\/h3>\n<p>Your personal information will only be used for the purposes for which they were collected, as specified in section 6.<\/p>\n<h3>7.2. Storage of your personal information<\/h3>\n<p>Your personal data will be stored confidentially for as long as necessary concerning the purposes for which they were collected, including to meet any legal, accounting, or reporting requirements.<\/p>\n<p>Your personal information will either be stored physically at the premises of Garage Redrex, digitally on the computer equipment of Garage Redrex, or digitally in the cloud system used by Garage Redrex.<\/p>\n<p>Garage Redrex ensures the protection of your personal information at all times, using appropriate security measures, whether they are physical, organizational, or technological. Also, Garage Redrex ensures limiting access to personal information to authorized individuals, according to the security levels specified in section 7.4.<\/p>\n<h3>7.3. Disclosure of your personal information<\/h3>\n<p>Garage Redrex may disclose your personal information to third parties in the following cases:<\/p>\n<ul>\n<li>Upon request from your patient, to inform a second general dentist or to seek expertise from another dental specialist;<\/li>\n<li>To a specialist deemed necessary for analyzing your patient&#8217;s record, and with their approval.<\/li>\n<\/ul>\n<h3>7.4. Accessibility by staff<\/h3>\n<p>Garage Redrex has taken measures to ensure the highest protection of your personal information.<\/p>\n<h2>Your Legal Rights<\/h2>\n<h3>8.1. Right of access to your personal information<\/h3>\n<p>Garage Redrex allows you, subject to the conditions and exemptions provided by law, to access the personal information it holds about you. Upon request, Garage Redrex will inform you of the personal information held and how it is used, and will allow you to review it.<\/p>\n<h3>8.2. Right to correct or delete personal information<\/h3>\n<p>It is possible to correct personal information that Garage Redrex has collected if this information is inaccurate, incomplete, ambiguous, outdated, or not justified by the purposes described in section 6 of this policy.<\/p>\n<p>It is also possible to have any confidential information deleted that was collected in a manner not compliant with the law.<\/p>\n<h3>8.3. Right to withdraw consent<\/h3>\n<p>In cases where Garage Redrex relies on your consent to process your personal information, you have the right to withdraw your consent at any time. However, this will not affect the legality of any processing carried out before you withdraw your consent. If you withdraw your consent, it may be the case that Garage Redrex cannot provide you with certain services.<\/p>\n<h2>Request and Complaint<\/h2>\n<p>Any request for access, correction, or deletion or any complaint regarding the implementation of this policy must be made in writing and accompanied by proof of identity.<\/p>\n<p>Please refer to section 11 to obtain the contact details of the person responsible for the protection of personal information.<\/p>\n<p>Upon receiving a request or complaint, Garage Redrex will strive to respond within 30 days. Occasionally, it may take up to 60 days to respond to your request, for instance, if it is particularly complex or if you have made multiple requests. In this case, Garage Redrex will inform you.<\/p>\n<h2>Notification of changes to the privacy policy<\/h2>\n<p>Please regularly consult this section of the website https:\/\/www.garageredrex.ca\/ to be aware of changes to our privacy policy.<\/p>\n<h2>Contact details and additional information<\/h2>\n<p>For any questions or comments regarding how Garage Redrex processes your personal information, the data privacy policy, or to exercise any of your rights, do not hesitate to contact the person responsible for the protection of personal information, namely St\u00e9phane Guilbault, owner:<\/p>\n<p>By email:<br \/>\ninfo@garageredrex.com<\/p>\n<p>By mail :<br \/>\n1331 Rue Principale<br \/>\nSt-Dominique (Qu\u00e9bec) J0H 1L0<\/p>\n<h2>Statement<\/h2>\n<p>Following the reading of this Data Privacy Policy and confirmation of adherence to it, any person affected by the collection of personal information about them declares that they understand they had the right to refuse Garage Redrex from collecting this information about them and also confirms:<\/p>\n<ul>\n<li>that they agree that Garage Redrex collects and shares personal information about them to achieve the purposes described in section 6 of this policy;<\/li>\n<li>that they agree that certain information about them may be transmitted to third parties or partners of Garage Redrex, solely for the purpose of achieving the purposes described in section 6 of this policy;<\/li>\n<li>that they understand that this consent is revocable.<\/li>\n<\/ul>\n","protected":false},"excerpt":{"rendered":"<p>Preamble Garage Redrex is subject to the Act respecting the protection of personal information in the private sector. Garage Redrex recognizes the importance of respecting privacy and commits to limiting <a href=\"https:\/\/www.garageredrex.ca\/en\/privacy-policy\/\" class=\"more-link\">&#8230;<span class=\"screen-reader-text\">  Privacy policy<\/span><\/a><\/p>\n","protected":false},"author":2,"featured_media":0,"parent":0,"menu_order":99,"comment_status":"closed","ping_status":"closed","template":"page-templates\/cookie-consent.php","meta":{"_acf_changed":false,"footnotes":""},"class_list":["post-741","page","type-page","status-publish","hentry"],"acf":[],"yoast_head":"<!-- This site is optimized with the Yoast SEO plugin v27.5 - https:\/\/yoast.com\/product\/yoast-seo-wordpress\/ -->\n<title>Privacy policy - Garage Redrex<\/title>\n<meta name=\"robots\" content=\"index, follow, max-snippet:-1, max-image-preview:large, max-video-preview:-1\" \/>\n<link rel=\"canonical\" href=\"https:\/\/www.garageredrex.ca\/en\/privacy-policy\/\" \/>\n<meta property=\"og:locale\" content=\"en_US\" \/>\n<meta property=\"og:type\" content=\"article\" \/>\n<meta property=\"og:title\" content=\"Privacy policy - Garage Redrex\" \/>\n<meta property=\"og:description\" content=\"Preamble Garage Redrex is subject to the Act respecting the protection of personal information in the private sector. Garage Redrex recognizes the importance of respecting privacy and commits to limiting ... Privacy policy\" \/>\n<meta property=\"og:url\" content=\"https:\/\/www.garageredrex.ca\/en\/privacy-policy\/\" \/>\n<meta property=\"og:site_name\" content=\"Garage Redrex\" \/>\n<meta property=\"article:modified_time\" content=\"2023-11-02T19:57:00+00:00\" \/>\n<meta name=\"twitter:card\" content=\"summary_large_image\" \/>\n<meta name=\"twitter:site\" content=\"@garageredrex\" \/>\n<meta name=\"twitter:label1\" content=\"Est. reading time\" \/>\n\t<meta name=\"twitter:data1\" content=\"8 minutes\" \/>\n<script type=\"application\/ld+json\" class=\"yoast-schema-graph\">{\"@context\":\"https:\\\/\\\/schema.org\",\"@graph\":[{\"@type\":\"WebPage\",\"@id\":\"https:\\\/\\\/www.garageredrex.ca\\\/en\\\/privacy-policy\\\/\",\"url\":\"https:\\\/\\\/www.garageredrex.ca\\\/en\\\/privacy-policy\\\/\",\"name\":\"Privacy policy - Garage Redrex\",\"isPartOf\":{\"@id\":\"https:\\\/\\\/www.garageredrex.ca\\\/#website\"},\"datePublished\":\"2023-11-02T17:37:27+00:00\",\"dateModified\":\"2023-11-02T19:57:00+00:00\",\"breadcrumb\":{\"@id\":\"https:\\\/\\\/www.garageredrex.ca\\\/en\\\/privacy-policy\\\/#breadcrumb\"},\"inLanguage\":\"en-US\",\"potentialAction\":[{\"@type\":\"ReadAction\",\"target\":[\"https:\\\/\\\/www.garageredrex.ca\\\/en\\\/privacy-policy\\\/\"]}]},{\"@type\":\"BreadcrumbList\",\"@id\":\"https:\\\/\\\/www.garageredrex.ca\\\/en\\\/privacy-policy\\\/#breadcrumb\",\"itemListElement\":[{\"@type\":\"ListItem\",\"position\":1,\"name\":\"Accueil\",\"item\":\"https:\\\/\\\/www.garageredrex.ca\\\/en\\\/\"},{\"@type\":\"ListItem\",\"position\":2,\"name\":\"Privacy policy\"}]},{\"@type\":\"WebSite\",\"@id\":\"https:\\\/\\\/www.garageredrex.ca\\\/#website\",\"url\":\"https:\\\/\\\/www.garageredrex.ca\\\/\",\"name\":\"Garage Redrex\",\"description\":\"une industrie sp\u00e9cialis\u00e9e dans les r\u00e9parations de v\u00e9hicules accident\u00e9s, de redressement de ch\u00e2ssis et de restauration de carrosserie.\",\"publisher\":{\"@id\":\"https:\\\/\\\/www.garageredrex.ca\\\/#organization\"},\"potentialAction\":[{\"@type\":\"SearchAction\",\"target\":{\"@type\":\"EntryPoint\",\"urlTemplate\":\"https:\\\/\\\/www.garageredrex.ca\\\/?s={search_term_string}\"},\"query-input\":{\"@type\":\"PropertyValueSpecification\",\"valueRequired\":true,\"valueName\":\"search_term_string\"}}],\"inLanguage\":\"en-US\"},{\"@type\":\"Organization\",\"@id\":\"https:\\\/\\\/www.garageredrex.ca\\\/#organization\",\"name\":\"Garage Redrex\",\"url\":\"https:\\\/\\\/www.garageredrex.ca\\\/\",\"logo\":{\"@type\":\"ImageObject\",\"inLanguage\":\"en-US\",\"@id\":\"https:\\\/\\\/www.garageredrex.ca\\\/#\\\/schema\\\/logo\\\/image\\\/\",\"url\":\"https:\\\/\\\/www.garageredrex.ca\\\/wp-content\\\/uploads\\\/2023\\\/05\\\/logo-redrex-top.png\",\"contentUrl\":\"https:\\\/\\\/www.garageredrex.ca\\\/wp-content\\\/uploads\\\/2023\\\/05\\\/logo-redrex-top.png\",\"width\":159,\"height\":119,\"caption\":\"Garage Redrex\"},\"image\":{\"@id\":\"https:\\\/\\\/www.garageredrex.ca\\\/#\\\/schema\\\/logo\\\/image\\\/\"},\"sameAs\":[\"https:\\\/\\\/x.com\\\/garageredrex\"]}]}<\/script>\n<!-- \/ Yoast SEO plugin. -->","yoast_head_json":{"title":"Privacy policy - Garage Redrex","robots":{"index":"index","follow":"follow","max-snippet":"max-snippet:-1","max-image-preview":"max-image-preview:large","max-video-preview":"max-video-preview:-1"},"canonical":"https:\/\/www.garageredrex.ca\/en\/privacy-policy\/","og_locale":"en_US","og_type":"article","og_title":"Privacy policy - Garage Redrex","og_description":"Preamble Garage Redrex is subject to the Act respecting the protection of personal information in the private sector. Garage Redrex recognizes the importance of respecting privacy and commits to limiting ... Privacy policy","og_url":"https:\/\/www.garageredrex.ca\/en\/privacy-policy\/","og_site_name":"Garage Redrex","article_modified_time":"2023-11-02T19:57:00+00:00","twitter_card":"summary_large_image","twitter_site":"@garageredrex","twitter_misc":{"Est. reading time":"8 minutes"},"schema":{"@context":"https:\/\/schema.org","@graph":[{"@type":"WebPage","@id":"https:\/\/www.garageredrex.ca\/en\/privacy-policy\/","url":"https:\/\/www.garageredrex.ca\/en\/privacy-policy\/","name":"Privacy policy - Garage Redrex","isPartOf":{"@id":"https:\/\/www.garageredrex.ca\/#website"},"datePublished":"2023-11-02T17:37:27+00:00","dateModified":"2023-11-02T19:57:00+00:00","breadcrumb":{"@id":"https:\/\/www.garageredrex.ca\/en\/privacy-policy\/#breadcrumb"},"inLanguage":"en-US","potentialAction":[{"@type":"ReadAction","target":["https:\/\/www.garageredrex.ca\/en\/privacy-policy\/"]}]},{"@type":"BreadcrumbList","@id":"https:\/\/www.garageredrex.ca\/en\/privacy-policy\/#breadcrumb","itemListElement":[{"@type":"ListItem","position":1,"name":"Accueil","item":"https:\/\/www.garageredrex.ca\/en\/"},{"@type":"ListItem","position":2,"name":"Privacy policy"}]},{"@type":"WebSite","@id":"https:\/\/www.garageredrex.ca\/#website","url":"https:\/\/www.garageredrex.ca\/","name":"Garage Redrex","description":"une industrie sp\u00e9cialis\u00e9e dans les r\u00e9parations de v\u00e9hicules accident\u00e9s, de redressement de ch\u00e2ssis et de restauration de carrosserie.","publisher":{"@id":"https:\/\/www.garageredrex.ca\/#organization"},"potentialAction":[{"@type":"SearchAction","target":{"@type":"EntryPoint","urlTemplate":"https:\/\/www.garageredrex.ca\/?s={search_term_string}"},"query-input":{"@type":"PropertyValueSpecification","valueRequired":true,"valueName":"search_term_string"}}],"inLanguage":"en-US"},{"@type":"Organization","@id":"https:\/\/www.garageredrex.ca\/#organization","name":"Garage Redrex","url":"https:\/\/www.garageredrex.ca\/","logo":{"@type":"ImageObject","inLanguage":"en-US","@id":"https:\/\/www.garageredrex.ca\/#\/schema\/logo\/image\/","url":"https:\/\/www.garageredrex.ca\/wp-content\/uploads\/2023\/05\/logo-redrex-top.png","contentUrl":"https:\/\/www.garageredrex.ca\/wp-content\/uploads\/2023\/05\/logo-redrex-top.png","width":159,"height":119,"caption":"Garage Redrex"},"image":{"@id":"https:\/\/www.garageredrex.ca\/#\/schema\/logo\/image\/"},"sameAs":["https:\/\/x.com\/garageredrex"]}]}},"_links":{"self":[{"href":"https:\/\/www.garageredrex.ca\/en\/wp-json\/wp\/v2\/pages\/741","targetHints":{"allow":["GET"]}}],"collection":[{"href":"https:\/\/www.garageredrex.ca\/en\/wp-json\/wp\/v2\/pages"}],"about":[{"href":"https:\/\/www.garageredrex.ca\/en\/wp-json\/wp\/v2\/types\/page"}],"author":[{"embeddable":true,"href":"https:\/\/www.garageredrex.ca\/en\/wp-json\/wp\/v2\/users\/2"}],"replies":[{"embeddable":true,"href":"https:\/\/www.garageredrex.ca\/en\/wp-json\/wp\/v2\/comments?post=741"}],"version-history":[{"count":2,"href":"https:\/\/www.garageredrex.ca\/en\/wp-json\/wp\/v2\/pages\/741\/revisions"}],"predecessor-version":[{"id":743,"href":"https:\/\/www.garageredrex.ca\/en\/wp-json\/wp\/v2\/pages\/741\/revisions\/743"}],"wp:attachment":[{"href":"https:\/\/www.garageredrex.ca\/en\/wp-json\/wp\/v2\/media?parent=741"}],"curies":[{"name":"wp","href":"https:\/\/api.w.org\/{rel}","templated":true}]}}